{"id":1254,"date":"2024-11-20T04:18:03","date_gmt":"2024-11-20T04:18:03","guid":{"rendered":"https:\/\/wp.dreamitsolution.net\/psylo\/?page_id=1254"},"modified":"2025-12-06T17:56:36","modified_gmt":"2025-12-06T16:56:36","slug":"faq","status":"publish","type":"page","link":"https:\/\/poradnia-nadzieja.pl\/index.php\/faq\/","title":{"rendered":"Faq"},"content":{"rendered":"\t\t<div data-elementor-type=\"wp-page\" data-elementor-id=\"1254\" class=\"elementor elementor-1254\">\n\t\t\t\t\t\t<section class=\"elementor-section elementor-top-section elementor-element elementor-element-f197ead elementor-section-boxed elementor-section-height-default elementor-section-height-default\" data-id=\"f197ead\" data-element_type=\"section\" data-settings=\"{&quot;background_background&quot;:&quot;classic&quot;}\">\n\t\t\t\t\t\t<div class=\"elementor-container elementor-column-gap-default\">\n\t\t\t\t\t<div class=\"elementor-column elementor-col-50 elementor-top-column elementor-element elementor-element-9a92c01 elementor-invisible\" data-id=\"9a92c01\" data-element_type=\"column\" data-settings=\"{&quot;animation&quot;:&quot;fadeInLeft&quot;}\">\n\t\t\t<div class=\"elementor-widget-wrap elementor-element-populated\">\n\t\t\t\t\t\t<div class=\"elementor-element elementor-element-bbd211a elementor-widget elementor-widget-section-title\" data-id=\"bbd211a\" data-element_type=\"widget\" data-widget_type=\"section-title.default\">\n\t\t\t\t<div class=\"elementor-widget-container\">\n\t\t\t\t\t\r\n\t\t\r\n\t\t\t<div class=\"section-title style1 center\">\r\n\t\t\t\t \r\n\t\t\t\t\t<h5 class=\"subtitle\">FAQ \u2014 najcz\u0119stsze pytania<\/h5>\r\n\t\t\t\t\t\t\t\t\r\n\t\t\t\t\t\t\t\t\r\n\t\t\t\t\t\t\t<\/div>\r\n\r\n\t\t\r\n\t\t\t\t\t\t<\/div>\n\t\t\t\t<\/div>\n\t\t\t\t<div class=\"elementor-element elementor-element-831aef4 elementor-widget elementor-widget-ditaccordion\" data-id=\"831aef4\" data-element_type=\"widget\" data-widget_type=\"ditaccordion.default\">\n\t\t\t\t<div class=\"elementor-widget-container\">\n\t\t\t\t\t\r\n\t\t\r\n\r\n\r\n\r\n\r\n\t\t<ul class=\"my-accordion\">\r\n\r\n\t\t\t\t\t\t<li>\r\n\t\t\t\t<a>Ile trwa sesja i jak cz\u0119sto si\u0119\u00a0spotykamy?<\/a>\r\n\t\t\t\t<p>Sesje indywidualne trwaj\u0105 50 minut, zaj\u0119cia grupowe 45\u201360 minut. Cz\u0119stotliwo\u015b\u0107 ustalamy indywidualnie.<\/p>\r\n\t\t\t<\/li>\r\n\t\t\t\t\t\t<li>\r\n\t\t\t\t<a>Jak przygotowa\u0107\u00a0dziecko do sesji online<\/a>\r\n\t\t\t\t<p>Zapewnij spokojne miejsce, s\u0142uchawki i stabilny internet. Pom\u00f3\u017c dziecku poczu\u0107 si\u0119 komfortowo.<\/p>\r\n\t\t\t<\/li>\r\n\t\t\t\t\t\t<li>\r\n\t\t\t\t<a>Czy to oczym rozmawiamy jest poufne?<\/a>\r\n\t\t\t\t<p>Tak. Obowi\u0105zuje poufno\u015b\u0107 zgodnie z etyk\u0105 zawodu i RODO. Wyj\u0105tki dotycz\u0105 zagro\u017cenia \u017cycia\/zdrowia.<\/p>\r\n\t\t\t<\/li>\r\n\t\t\t\t\t\t<li>\r\n\t\t\t\t<a>Co je\u015bli nie mog\u0119 przyj\u015b\u0107 na spotkanie?<\/a>\r\n\t\t\t\t<p>Bezp\u0142atne odwo\u0142anie mo\u017cliwe 24h wcze\u015bniej. P\u00f3\u017aniejsze odwo\u0142anie lub nieobecno\u015b\u0107 \u2014 pe\u0142na op\u0142ata za zarezerwowany czas.<\/p>\r\n\t\t\t<\/li>\r\n\t\t\t\t\t\t<li>\r\n\t\t\t\t<a>Czy wystawiam faktury?<\/a>\r\n\t\t\t\t<p>Tak, na \u017cyczenie. Prosz\u0119 zg\u0142osi\u0107 potrzeb\u0119 faktury przed sesj\u0105 (dane do faktury w wiadomo\u015bci).<\/p>\r\n\t\t\t<\/li>\r\n\t\t\t\t\t\t<li>\r\n\t\t\t\t<a>Czy zaj\u0119cia grupowe s\u0105 dla ka\u017cdego dziecka?<\/a>\r\n\t\t\t\t<p>Zaj\u0119cia TUS i Sherborne s\u0105 dla dzieci potrzebuj\u0105cych wsparcia spo\u0142ecznego lub emocjonalnego. Wst\u0119pna konsultacja pomaga oceni\u0107 potrzeby.<\/p>\r\n\t\t\t<\/li>\r\n\t\t\t\r\n\t\t<\/ul>\r\n\r\n\r\n            \t\t<script>\r\n            \t\t\tjQuery(document).ready(function($) {\r\n            \t\t\t\t\"use strict\";\r\n        \r\n        \t    $('.my-accordion > li:eq(0) a').addClass('active').next().slideDown();\r\n        \r\n        \t    $('.my-accordion a').click(function() {\r\n        \t        var dropDown = $(this).closest('li').find('p');\r\n        \r\n        \t        $(this).closest('.my-accordion').find('p').not(dropDown).slideUp();\r\n        \r\n        \t        if ($(this).hasClass('active')) {\r\n        \t            $(this).removeClass('active');\r\n        \t        } else {\r\n        \t            $(this).closest('.my-accordion').find('a.active').removeClass('active');\r\n        \t            $(this).addClass('active');\r\n        \t        }\r\n        \r\n        \t        dropDown.stop(false, true).slideToggle();\r\n        \r\n        \t        j.preventDefault();\r\n        \t    });\r\n\r\n            \t\t});\r\n            \t<\/script>\t\r\n\r\n\t\t\t\t\t\t<\/div>\n\t\t\t\t<\/div>\n\t\t\t\t\t<\/div>\n\t\t<\/div>\n\t\t\t\t<div class=\"elementor-column elementor-col-50 elementor-top-column elementor-element elementor-element-f0d0379 elementor-invisible\" data-id=\"f0d0379\" data-element_type=\"column\" data-settings=\"{&quot;animation&quot;:&quot;fadeInRight&quot;}\">\n\t\t\t<div class=\"elementor-widget-wrap elementor-element-populated\">\n\t\t\t\t\t\t<div class=\"elementor-element elementor-element-96645fc elementor-widget elementor-widget-image\" data-id=\"96645fc\" data-element_type=\"widget\" data-widget_type=\"image.default\">\n\t\t\t\t\t\t\t\t\t\t\t\t\t\t\t<img fetchpriority=\"high\" decoding=\"async\" width=\"516\" height=\"676\" src=\"https:\/\/poradnia-nadzieja.pl\/wp-content\/uploads\/2024\/11\/faq-thumb1.png\" class=\"attachment-large size-large wp-image-237\" alt=\"\" srcset=\"https:\/\/poradnia-nadzieja.pl\/wp-content\/uploads\/2024\/11\/faq-thumb1.png 516w, https:\/\/poradnia-nadzieja.pl\/wp-content\/uploads\/2024\/11\/faq-thumb1-229x300.png 229w\" sizes=\"(max-width: 516px) 100vw, 516px\" \/>\t\t\t\t\t\t\t\t\t\t\t\t\t\t\t<\/div>\n\t\t\t\t\t<\/div>\n\t\t<\/div>\n\t\t\t\t\t<\/div>\n\t\t<\/section>\n\t\t\t\t<section class=\"elementor-section elementor-top-section elementor-element elementor-element-81fe9f9 elementor-section-boxed elementor-section-height-default elementor-section-height-default\" data-id=\"81fe9f9\" data-element_type=\"section\" data-settings=\"{&quot;background_background&quot;:&quot;classic&quot;}\">\n\t\t\t\t\t\t<div class=\"elementor-container elementor-column-gap-default\">\n\t\t\t\t\t<div class=\"elementor-column elementor-col-100 elementor-top-column elementor-element elementor-element-ece6648\" data-id=\"ece6648\" data-element_type=\"column\">\n\t\t\t<div class=\"elementor-widget-wrap elementor-element-populated\">\n\t\t\t\t\t\t<section class=\"elementor-section elementor-inner-section elementor-element elementor-element-ce48f34 elementor-section-boxed elementor-section-height-default elementor-section-height-default\" data-id=\"ce48f34\" data-element_type=\"section\">\n\t\t\t\t\t\t<div class=\"elementor-container elementor-column-gap-default\">\n\t\t\t\t\t<div class=\"elementor-column elementor-col-100 elementor-inner-column elementor-element elementor-element-db426bf\" data-id=\"db426bf\" data-element_type=\"column\">\n\t\t\t<div class=\"elementor-widget-wrap elementor-element-populated\">\n\t\t\t\t\t\t<div class=\"elementor-element elementor-element-a91a0d7 elementor-widget elementor-widget-section-title\" data-id=\"a91a0d7\" data-element_type=\"widget\" data-widget_type=\"section-title.default\">\n\t\t\t\t<div class=\"elementor-widget-container\">\n\t\t\t\t\t\r\n\t\t\t\t\t<div class=\"section-title style4 center\">\r\n\t\t\t\t \r\n\t\t\t\t\t<h5 class=\"subtitle\"> WORK PROCESS<\/h5>\r\n\t\t\t\t\t\t\t\t\r\n\t\t\t\t \r\n\t\t\t\t\t<h3 class=\"title\">Best Practices for Success<\/h3>\r\n\t\t\t\t\t\t\t\t\r\n\t\t\t\t\t\t\t<\/div>\r\n\r\n\r\n\t\t\r\n\t\t\t\t\t\t<\/div>\n\t\t\t\t<\/div>\n\t\t\t\t\t<\/div>\n\t\t<\/div>\n\t\t\t\t\t<\/div>\n\t\t<\/section>\n\t\t\t\t<section class=\"elementor-section elementor-inner-section elementor-element elementor-element-c5fb0f6 elementor-section-boxed elementor-section-height-default elementor-section-height-default\" data-id=\"c5fb0f6\" data-element_type=\"section\">\n\t\t\t\t\t\t<div class=\"elementor-container elementor-column-gap-default\">\n\t\t\t\t\t<div class=\"elementor-column elementor-col-25 elementor-inner-column elementor-element elementor-element-af310f8 elementor-invisible\" data-id=\"af310f8\" data-element_type=\"column\" data-settings=\"{&quot;animation&quot;:&quot;fadeInLeft&quot;}\">\n\t\t\t<div class=\"elementor-widget-wrap elementor-element-populated\">\n\t\t\t\t\t\t<div class=\"elementor-element elementor-element-1e5ad6e elementor-widget elementor-widget-workprocess\" data-id=\"1e5ad6e\" data-element_type=\"widget\" data-widget_type=\"workprocess.default\">\n\t\t\t\t<div class=\"elementor-widget-container\">\n\t\t\t\t\t\r\n\t\t\t\t\t<div class=\"work_progress style-two\">\r\n\t\t\t\t<div class=\"work_progress-wrapper\">\r\n\t\t\t\t<div class=\"work_progress-number\">\r\n\t\t\t\t\t<span>1<\/span>\r\n\t\t\t\t<\/div>\r\n\t\t\t\t<div class=\"work_progress_icon\">\r\n\t\t\t\t\t\t\t\t\t\t\t<img decoding=\"async\" src=\"https:\/\/wp.dreamitsolution.net\/psylo\/wp-content\/uploads\/2024\/11\/work-icon1.png\" alt=\"\">\r\n\t\t\t\t\t\t\t\t\t<\/div>\t\t\t\r\n\t\t\t\t<div class=\"progress_content\">\r\n\t\t\t\t\t<div class=\"work_progress-title\">\r\n\t\t\t\t\t\t<h2>\r\n\t\t\t\t\t\t\tStart A Project\t\t\t\t\t\t<\/h2>\r\n\t\t\t\t\t<\/div>\r\n\t\t\t\t\t<div class=\"work_progress-desc\">\r\n\t\t\t\t\t\t<p>\r\n\t\t\t\t\t\t\tLorem ipsum dolor sit amet, \nconsetetur adipiscing elit, sed\ndolore magna aliqua.\t\t\t\t\t\t<\/p>\r\n\t\t\t\t\t<\/div>\r\n\t\t\t\t<\/div>\r\n\t\t\t\t<\/div>\r\n\t\t\t<\/div>\r\n\r\n\t\t\r\n\t\t\t\t\t\t<\/div>\n\t\t\t\t<\/div>\n\t\t\t\t\t<\/div>\n\t\t<\/div>\n\t\t\t\t<div class=\"elementor-column elementor-col-25 elementor-inner-column elementor-element elementor-element-e47674a work-shape elementor-invisible\" data-id=\"e47674a\" data-element_type=\"column\" data-settings=\"{&quot;animation&quot;:&quot;fadeInLeft&quot;}\">\n\t\t\t<div class=\"elementor-widget-wrap elementor-element-populated\">\n\t\t\t\t\t\t<div class=\"elementor-element elementor-element-97455cd elementor-widget elementor-widget-workprocess\" data-id=\"97455cd\" data-element_type=\"widget\" data-widget_type=\"workprocess.default\">\n\t\t\t\t<div class=\"elementor-widget-container\">\n\t\t\t\t\t\r\n\t\t\t\t\t<div class=\"work_progress style-two\">\r\n\t\t\t\t<div class=\"work_progress-wrapper\">\r\n\t\t\t\t<div class=\"work_progress-number\">\r\n\t\t\t\t\t<span>2<\/span>\r\n\t\t\t\t<\/div>\r\n\t\t\t\t<div class=\"work_progress_icon\">\r\n\t\t\t\t\t\t\t\t\t\t\t<img decoding=\"async\" src=\"https:\/\/wp.dreamitsolution.net\/psylo\/wp-content\/uploads\/2024\/11\/work-icon2.png\" alt=\"\">\r\n\t\t\t\t\t\t\t\t\t<\/div>\t\t\t\r\n\t\t\t\t<div class=\"progress_content\">\r\n\t\t\t\t\t<div class=\"work_progress-title\">\r\n\t\t\t\t\t\t<h2>\r\n\t\t\t\t\t\t\tProject Analysis\t\t\t\t\t\t<\/h2>\r\n\t\t\t\t\t<\/div>\r\n\t\t\t\t\t<div class=\"work_progress-desc\">\r\n\t\t\t\t\t\t<p>\r\n\t\t\t\t\t\t\tLorem ipsum dolor sit amet, \nconsetetur adipiscing elit, sed\ndolore magna aliqua.\t\t\t\t\t\t<\/p>\r\n\t\t\t\t\t<\/div>\r\n\t\t\t\t<\/div>\r\n\t\t\t\t<\/div>\r\n\t\t\t<\/div>\r\n\r\n\t\t\r\n\t\t\t\t\t\t<\/div>\n\t\t\t\t<\/div>\n\t\t\t\t\t<\/div>\n\t\t<\/div>\n\t\t\t\t<div class=\"elementor-column elementor-col-25 elementor-inner-column elementor-element elementor-element-aec6bfb elementor-invisible\" data-id=\"aec6bfb\" data-element_type=\"column\" data-settings=\"{&quot;animation&quot;:&quot;fadeInRight&quot;}\">\n\t\t\t<div class=\"elementor-widget-wrap elementor-element-populated\">\n\t\t\t\t\t\t<div class=\"elementor-element elementor-element-89b0e76 elementor-widget elementor-widget-workprocess\" data-id=\"89b0e76\" data-element_type=\"widget\" data-widget_type=\"workprocess.default\">\n\t\t\t\t<div class=\"elementor-widget-container\">\n\t\t\t\t\t\r\n\t\t\t\t\t<div class=\"work_progress style-two\">\r\n\t\t\t\t<div class=\"work_progress-wrapper\">\r\n\t\t\t\t<div class=\"work_progress-number\">\r\n\t\t\t\t\t<span>3<\/span>\r\n\t\t\t\t<\/div>\r\n\t\t\t\t<div class=\"work_progress_icon\">\r\n\t\t\t\t\t\t\t\t\t\t\t<img decoding=\"async\" src=\"https:\/\/wp.dreamitsolution.net\/psylo\/wp-content\/uploads\/2024\/11\/work-icon3.png\" alt=\"\">\r\n\t\t\t\t\t\t\t\t\t<\/div>\t\t\t\r\n\t\t\t\t<div class=\"progress_content\">\r\n\t\t\t\t\t<div class=\"work_progress-title\">\r\n\t\t\t\t\t\t<h2>\r\n\t\t\t\t\t\t\tDeliver to Succes\t\t\t\t\t\t<\/h2>\r\n\t\t\t\t\t<\/div>\r\n\t\t\t\t\t<div class=\"work_progress-desc\">\r\n\t\t\t\t\t\t<p>\r\n\t\t\t\t\t\t\tLorem ipsum dolor sit amet, \nconsetetur adipiscing elit, sed\ndolore magna aliqua.\t\t\t\t\t\t<\/p>\r\n\t\t\t\t\t<\/div>\r\n\t\t\t\t<\/div>\r\n\t\t\t\t<\/div>\r\n\t\t\t<\/div>\r\n\r\n\t\t\r\n\t\t\t\t\t\t<\/div>\n\t\t\t\t<\/div>\n\t\t\t\t\t<\/div>\n\t\t<\/div>\n\t\t\t\t<div class=\"elementor-column elementor-col-25 elementor-inner-column elementor-element elementor-element-e6a9f18 work-shape elementor-invisible\" data-id=\"e6a9f18\" data-element_type=\"column\" data-settings=\"{&quot;animation&quot;:&quot;fadeInRight&quot;}\">\n\t\t\t<div class=\"elementor-widget-wrap elementor-element-populated\">\n\t\t\t\t\t\t<div class=\"elementor-element elementor-element-1514a8f elementor-widget elementor-widget-workprocess\" data-id=\"1514a8f\" data-element_type=\"widget\" data-widget_type=\"workprocess.default\">\n\t\t\t\t<div class=\"elementor-widget-container\">\n\t\t\t\t\t\r\n\t\t\t\t\t<div class=\"work_progress style-two\">\r\n\t\t\t\t<div class=\"work_progress-wrapper\">\r\n\t\t\t\t<div class=\"work_progress-number\">\r\n\t\t\t\t\t<span>4<\/span>\r\n\t\t\t\t<\/div>\r\n\t\t\t\t<div class=\"work_progress_icon\">\r\n\t\t\t\t\t\t\t\t\t\t\t<img decoding=\"async\" src=\"https:\/\/wp.dreamitsolution.net\/psylo\/wp-content\/uploads\/2024\/11\/work-icon3.png\" alt=\"\">\r\n\t\t\t\t\t\t\t\t\t<\/div>\t\t\t\r\n\t\t\t\t<div class=\"progress_content\">\r\n\t\t\t\t\t<div class=\"work_progress-title\">\r\n\t\t\t\t\t\t<h2>\r\n\t\t\t\t\t\t\tDeliver result\t\t\t\t\t\t<\/h2>\r\n\t\t\t\t\t<\/div>\r\n\t\t\t\t\t<div class=\"work_progress-desc\">\r\n\t\t\t\t\t\t<p>\r\n\t\t\t\t\t\t\tLorem ipsum dolor sit amet, \nconsetetur adipiscing elit, sed\ndolore magna aliqua.\t\t\t\t\t\t<\/p>\r\n\t\t\t\t\t<\/div>\r\n\t\t\t\t<\/div>\r\n\t\t\t\t<\/div>\r\n\t\t\t<\/div>\r\n\r\n\t\t\r\n\t\t\t\t\t\t<\/div>\n\t\t\t\t<\/div>\n\t\t\t\t\t<\/div>\n\t\t<\/div>\n\t\t\t\t\t<\/div>\n\t\t<\/section>\n\t\t\t\t\t<\/div>\n\t\t<\/div>\n\t\t\t\t\t<\/div>\n\t\t<\/section>\n\t\t\t\t<section class=\"elementor-section elementor-top-section elementor-element elementor-element-8e55665 elementor-section-boxed elementor-section-height-default elementor-section-height-default\" data-id=\"8e55665\" data-element_type=\"section\" data-settings=\"{&quot;background_background&quot;:&quot;classic&quot;}\">\n\t\t\t\t\t\t<div class=\"elementor-container elementor-column-gap-default\">\n\t\t\t\t\t<div class=\"elementor-column elementor-col-100 elementor-top-column elementor-element elementor-element-70af2d7\" data-id=\"70af2d7\" data-element_type=\"column\">\n\t\t\t<div class=\"elementor-widget-wrap elementor-element-populated\">\n\t\t\t\t\t\t<section class=\"elementor-section elementor-inner-section elementor-element elementor-element-385bdf8 elementor-section-boxed elementor-section-height-default elementor-section-height-default\" data-id=\"385bdf8\" data-element_type=\"section\">\n\t\t\t\t\t\t<div class=\"elementor-container elementor-column-gap-default\">\n\t\t\t\t\t<div class=\"elementor-column elementor-col-100 elementor-inner-column elementor-element elementor-element-f9353b6\" data-id=\"f9353b6\" data-element_type=\"column\">\n\t\t\t<div class=\"elementor-widget-wrap elementor-element-populated\">\n\t\t\t\t\t\t<div class=\"elementor-element elementor-element-ae077cd elementor-widget elementor-widget-section-title\" data-id=\"ae077cd\" data-element_type=\"widget\" data-widget_type=\"section-title.default\">\n\t\t\t\t<div class=\"elementor-widget-container\">\n\t\t\t\t\t\r\n\t\t\t\t\t<div class=\"section-title style4 center\">\r\n\t\t\t\t \r\n\t\t\t\t\t<h5 class=\"subtitle\">Our News<\/h5>\r\n\t\t\t\t\t\t\t\t\r\n\t\t\t\t \r\n\t\t\t\t\t<h3 class=\"title\">Latest News & Blogs<\/h3>\r\n\t\t\t\t\t\t\t\t\r\n\t\t\t\t\t\t\t<\/div>\r\n\r\n\r\n\t\t\r\n\t\t\t\t\t\t<\/div>\n\t\t\t\t<\/div>\n\t\t\t\t\t<\/div>\n\t\t<\/div>\n\t\t\t\t\t<\/div>\n\t\t<\/section>\n\t\t\t\t<section class=\"elementor-section elementor-inner-section elementor-element elementor-element-c985153 elementor-section-boxed elementor-section-height-default elementor-section-height-default\" data-id=\"c985153\" data-element_type=\"section\">\n\t\t\t\t\t\t<div class=\"elementor-container elementor-column-gap-default\">\n\t\t\t\t\t<div class=\"elementor-column elementor-col-100 elementor-inner-column elementor-element elementor-element-e7cf3d0 elementor-invisible\" data-id=\"e7cf3d0\" data-element_type=\"column\" data-settings=\"{&quot;animation&quot;:&quot;fadeInUp&quot;}\">\n\t\t\t<div class=\"elementor-widget-wrap elementor-element-populated\">\n\t\t\t\t\t\t<div class=\"elementor-element elementor-element-5cb28ee elementor-widget elementor-widget-blogpost\" data-id=\"5cb28ee\" data-element_type=\"widget\" data-widget_type=\"blogpost.default\">\n\t\t\t\t<div class=\"elementor-widget-container\">\n\t\t\t\t\t\r\n\t\t\r\n\t\t\t<div class=\"blog-post style1\">\r\n\t\t\t\t<div class=\"row\">\r\n\t\t\t\t\t\t\t\t\t\t\t\t\t\t\t\t\t<\/div>\r\n\t\t\t<\/div>\r\n\r\n\t\t\r\n\t\t\t\t\t\t<\/div>\n\t\t\t\t<\/div>\n\t\t\t\t\t<\/div>\n\t\t<\/div>\n\t\t\t\t\t<\/div>\n\t\t<\/section>\n\t\t\t\t\t<\/div>\n\t\t<\/div>\n\t\t\t\t\t<\/div>\n\t\t<\/section>\n\t\t\t\t<\/div>\n\t\t","protected":false},"excerpt":{"rendered":"<p>FAQ \u2014 najcz\u0119stsze pytania Ile trwa sesja i jak cz\u0119sto si\u0119\u00a0spotykamy? Sesje indywidualne trwaj\u0105 50 minut, zaj\u0119cia grupowe 45\u201360 minut. Cz\u0119stotliwo\u015b\u0107 ustalamy indywidualnie. Jak przygotowa\u0107\u00a0dziecko do sesji online Zapewnij spokojne miejsce, s\u0142uchawki i stabilny internet. Pom\u00f3\u017c dziecku poczu\u0107 si\u0119 komfortowo. Czy to oczym rozmawiamy jest poufne? Tak. Obowi\u0105zuje poufno\u015b\u0107 zgodnie z etyk\u0105 zawodu i RODO. [&hellip;]<\/p>\n","protected":false},"author":1,"featured_media":0,"parent":0,"menu_order":0,"comment_status":"closed","ping_status":"closed","template":"page-templates\/template-default.php","meta":{"footnotes":""},"class_list":["post-1254","page","type-page","status-publish","hentry"],"_links":{"self":[{"href":"https:\/\/poradnia-nadzieja.pl\/index.php\/wp-json\/wp\/v2\/pages\/1254","targetHints":{"allow":["GET"]}}],"collection":[{"href":"https:\/\/poradnia-nadzieja.pl\/index.php\/wp-json\/wp\/v2\/pages"}],"about":[{"href":"https:\/\/poradnia-nadzieja.pl\/index.php\/wp-json\/wp\/v2\/types\/page"}],"author":[{"embeddable":true,"href":"https:\/\/poradnia-nadzieja.pl\/index.php\/wp-json\/wp\/v2\/users\/1"}],"replies":[{"embeddable":true,"href":"https:\/\/poradnia-nadzieja.pl\/index.php\/wp-json\/wp\/v2\/comments?post=1254"}],"version-history":[{"count":4,"href":"https:\/\/poradnia-nadzieja.pl\/index.php\/wp-json\/wp\/v2\/pages\/1254\/revisions"}],"predecessor-version":[{"id":1927,"href":"https:\/\/poradnia-nadzieja.pl\/index.php\/wp-json\/wp\/v2\/pages\/1254\/revisions\/1927"}],"wp:attachment":[{"href":"https:\/\/poradnia-nadzieja.pl\/index.php\/wp-json\/wp\/v2\/media?parent=1254"}],"curies":[{"name":"wp","href":"https:\/\/api.w.org\/{rel}","templated":true}]}}